{"id":568,"date":"2020-09-12T17:00:41","date_gmt":"2020-09-12T21:00:41","guid":{"rendered":"https:\/\/www.lecoqwines.cl\/?post_type=product&#038;p=568"},"modified":"2025-12-23T12:52:51","modified_gmt":"2025-12-23T16:52:51","slug":"pack-06-le-coq-gran-reserva-family-selection-2019","status":"publish","type":"product","link":"https:\/\/www.lecoqwines.cl\/en\/product\/pack-06-le-coq-gran-reserva-family-selection-2019\/","title":{"rendered":"BOX 6 Units \u2013 LE COQ Gran Reserva Family Selection 2021"},"content":{"rendered":"<p>Wine made with carefully selected grapes from the Limar\u00ed Valley, a coastal region characterized by its high quality wines, freshness and intense flavors. <strong>LE COQ GRAN RESERVA FAMILY SELECTION<\/strong>, perfect blend of Cabernet Sauvignon, Syrah and Carm\u00e9n\u00e8re varieties. Hand-picked grapes carefully selected and fermented in traditional open tanks. The wine obtained is matured in French oak barrels that enhance its body and intensify its flavors. Consume preferably at room temperature, to enjoy its aromas and spicy flavors and to complement with roast meats, game meats, mature cheeses and lightly seasoned foods.<\/p>\n<p><a href=\"https:\/\/www.lecoqwines.cl\/wp-content\/uploads\/2023\/06\/000_FICHA_FAMILY_SELECTION_SOLO.pdf\" target=\"_blank\" rel=\"noopener noreferrer\">Download file <i class=\"fa fa-download\"><\/i><\/a><\/p>","protected":false},"excerpt":{"rendered":"<p>La constante innovaci\u00f3n y exploraci\u00f3n ha llevado a San Pedro a construir un proyecto con la comunidad Mapuche de Buchahueico que exprese las caracter\u00edsticas particulares del suelo, el clima y especialmente su gente, que realiza los trabajos con respeto y cari\u00f1o por la naturaleza para lograr un vino \u00fanico para 1865, que trasmite la forma especial en que se ha elaborado. naturaleza para lograr un vino \u00fanico para 1865, que trasmite la forma especial en que se ha elaborado.<\/p>\n<p><a href=\"https:\/\/www.lecoqwines.cl\/wp-content\/uploads\/2023\/06\/000_FICHA_FAMILY_SELECTION_SOLO.pdf\">Download file <\/a><\/p>","protected":false},"featured_media":597,"comment_status":"open","ping_status":"closed","template":"","meta":{"_et_pb_use_builder":"","_et_pb_old_content":"","_et_gb_content_width":""},"class_list":["post-568","product","type-product","status-publish","has-post-thumbnail","hentry","product_cat-le-coq","product_shipping_class-unidades"],"_links":{"self":[{"href":"https:\/\/www.lecoqwines.cl\/en\/wp-json\/wp\/v2\/product\/568","targetHints":{"allow":["GET"]}}],"collection":[{"href":"https:\/\/www.lecoqwines.cl\/en\/wp-json\/wp\/v2\/product"}],"about":[{"href":"https:\/\/www.lecoqwines.cl\/en\/wp-json\/wp\/v2\/types\/product"}],"replies":[{"embeddable":true,"href":"https:\/\/www.lecoqwines.cl\/en\/wp-json\/wp\/v2\/comments?post=568"}],"wp:featuredmedia":[{"embeddable":true,"href":"https:\/\/www.lecoqwines.cl\/en\/wp-json\/wp\/v2\/media\/597"}],"wp:attachment":[{"href":"https:\/\/www.lecoqwines.cl\/en\/wp-json\/wp\/v2\/media?parent=568"}],"curies":[{"name":"wp","href":"https:\/\/api.w.org\/{rel}","templated":true}]}}