{"id":45,"date":"2020-09-12T17:05:33","date_gmt":"2020-09-12T21:05:33","guid":{"rendered":"https:\/\/www.lecoqwines.cl\/?post_type=product&#038;p=45"},"modified":"2025-09-15T14:15:44","modified_gmt":"2025-09-15T18:15:44","slug":"le-coq-gran-reserva-family-selection","status":"publish","type":"product","link":"https:\/\/www.lecoqwines.cl\/en\/product\/le-coq-gran-reserva-family-selection\/","title":{"rendered":"LE COQ Family Selection 2022 New Edition"},"content":{"rendered":"<p>Vino elaborado con uvas cuidadosamente seleccionadas del Valle del Elqui, regi\u00f3n que se caracteriza por sus vinos de gran calidad, frescura y sabores intensos. <strong>LE COQ GRAN RESERVA FAMILY SELECTION<\/strong>, ensamblaje perfecto de las variedades Syrah, Cabernet Franc, Garnacha y Petit Verdot. Uvas cosechadas a mano seleccionadas cuidadosamente y fermentadas en tradicionales estanques abiertos. El vino obtenido es madurado en barricas de roble franc\u00e9s que realzan su cuerpo e intensifican sus sabores. Consumir preferentemente a temperatura ambiente, para disfrutar sus aromas y sabores especiados y poder complementar con carnes asadas, carnes de caza, quesos maduros y comidas ligeramente condimentadas.<\/p>\n<p>UVAS: Syrah 45%, Cabernet Franc 35%, Garnacha 15% y Petit Verdot 5%<br \/>\nCOSECHA: 2022<br \/>\nALCOHOL: 14,0 % v\/v<br \/>\npH: 3,5<br \/>\nACIDEZ TOTAL: 4,26 g\/L<br \/>\nAZ\u00daCAR RESIDUAL: 1,79 g\/L<br \/>\nMARIDAJE: Carne de res, cerdo, charcuter\u00eda y quesos maduros.<\/p>\n<p><a href=\"https:\/\/www.lecoqwines.cl\/wp-content\/uploads\/2023\/06\/000_FICHA_FAMILY_SELECTION_SOLO.pdf\" target=\"_blank\" rel=\"noopener noreferrer\">Download file <i class=\"fa fa-download\"><\/i><\/a><\/p>","protected":false},"excerpt":{"rendered":"<p>La constante innovaci\u00f3n y exploraci\u00f3n ha llevado a San Pedro a construir un proyecto con la comunidad Mapuche de Buchahueico que exprese las caracter\u00edsticas particulares del suelo, el clima y especialmente su gente, que realiza los trabajos con respeto y cari\u00f1o por la naturaleza para lograr un vino \u00fanico para 1865, que trasmite la forma especial en que se ha elaborado. naturaleza para lograr un vino \u00fanico para 1865, que trasmite la forma especial en que se ha elaborado.<\/p>\n<p><a href=\"https:\/\/www.lecoqwines.cl\/wp-content\/uploads\/2023\/06\/000_FICHA_FAMILY_SELECTION_SOLO.pdf\">Download file <\/a><\/p>","protected":false},"featured_media":1354,"comment_status":"open","ping_status":"closed","template":"","meta":{"_et_pb_use_builder":"","_et_pb_old_content":"","_et_gb_content_width":""},"class_list":["post-45","product","type-product","status-publish","has-post-thumbnail","hentry","product_cat-le-coq"],"_links":{"self":[{"href":"https:\/\/www.lecoqwines.cl\/en\/wp-json\/wp\/v2\/product\/45","targetHints":{"allow":["GET"]}}],"collection":[{"href":"https:\/\/www.lecoqwines.cl\/en\/wp-json\/wp\/v2\/product"}],"about":[{"href":"https:\/\/www.lecoqwines.cl\/en\/wp-json\/wp\/v2\/types\/product"}],"replies":[{"embeddable":true,"href":"https:\/\/www.lecoqwines.cl\/en\/wp-json\/wp\/v2\/comments?post=45"}],"wp:featuredmedia":[{"embeddable":true,"href":"https:\/\/www.lecoqwines.cl\/en\/wp-json\/wp\/v2\/media\/1354"}],"wp:attachment":[{"href":"https:\/\/www.lecoqwines.cl\/en\/wp-json\/wp\/v2\/media?parent=45"}],"curies":[{"name":"wp","href":"https:\/\/api.w.org\/{rel}","templated":true}]}}