{"id":283,"date":"2020-09-09T10:17:14","date_gmt":"2020-09-09T14:17:14","guid":{"rendered":"https:\/\/www.lecoqwines.cl\/?post_type=product&#038;p=283"},"modified":"2025-02-27T19:02:40","modified_gmt":"2025-02-27T23:02:40","slug":"decantadores-riedel","status":"publish","type":"product","link":"https:\/\/www.lecoqwines.cl\/en\/product\/decantadores-riedel\/","title":{"rendered":"Set 04 Copas SPIEGELAU Winelovers Champagne"},"content":{"rendered":"<p>SET 04 COPAS SPIEGELAU WINELOVERS CHAMPAGNE<\/p>","protected":false},"excerpt":{"rendered":"<p>La constante innovaci\u00f3n y exploraci\u00f3n ha llevado a San Pedro a construir un proyecto con la comunidad Mapuche de Buchahueico que exprese las caracter\u00edsticas particulares del suelo, el clima y especialmente su gente, que realiza los trabajos con respeto y cari\u00f1o por la naturaleza para lograr un vino \u00fanico para 1865, que trasmite la forma especial en que se ha elaborado. naturaleza para lograr un vino \u00fanico para 1865, que trasmite la forma especial en que se ha elaborado.<\/p>\n<p><a href=\"#\">Download file <\/a><\/p>","protected":false},"featured_media":582,"comment_status":"open","ping_status":"closed","template":"","meta":{"_et_pb_use_builder":"","_et_pb_old_content":"","_et_gb_content_width":""},"class_list":["post-283","product","type-product","status-publish","has-post-thumbnail","hentry","product_cat-accesorios-y-mas"],"_links":{"self":[{"href":"https:\/\/www.lecoqwines.cl\/en\/wp-json\/wp\/v2\/product\/283","targetHints":{"allow":["GET"]}}],"collection":[{"href":"https:\/\/www.lecoqwines.cl\/en\/wp-json\/wp\/v2\/product"}],"about":[{"href":"https:\/\/www.lecoqwines.cl\/en\/wp-json\/wp\/v2\/types\/product"}],"replies":[{"embeddable":true,"href":"https:\/\/www.lecoqwines.cl\/en\/wp-json\/wp\/v2\/comments?post=283"}],"wp:featuredmedia":[{"embeddable":true,"href":"https:\/\/www.lecoqwines.cl\/en\/wp-json\/wp\/v2\/media\/582"}],"wp:attachment":[{"href":"https:\/\/www.lecoqwines.cl\/en\/wp-json\/wp\/v2\/media?parent=283"}],"curies":[{"name":"wp","href":"https:\/\/api.w.org\/{rel}","templated":true}]}}