{"id":162,"date":"2020-09-12T17:04:40","date_gmt":"2020-09-12T21:04:40","guid":{"rendered":"https:\/\/www.lecoqwines.cl\/?post_type=product&#038;p=162"},"modified":"2023-08-22T13:41:58","modified_gmt":"2023-08-22T17:41:58","slug":"vino-le-coq-limited-edition-single-barrels","status":"publish","type":"product","link":"https:\/\/www.lecoqwines.cl\/en\/product\/vino-le-coq-limited-edition-single-barrels\/","title":{"rendered":"LE COQ Limited Edition Single Barrels 2019"},"content":{"rendered":"<p>Wine made with carefully selected grapes from the Limar\u00ed Valley, a coastal region characterized by its high quality wines, freshness and intense flavors. <strong>LE COQ LIMITED EDITION SINGLE BARRELS<\/strong>, a unique blend of the Carm\u00e9n\u00e8re, Cabernet Sauvignon and Syrah varieties, which together with a controlled aging in new French Oak Barrels, we obtain a different, complex and expressive wine. Its fruity and spicy aromas, and its pleasant balance on the palate, make it the perfect accompaniment to complement roast meats, mature cheeses, stews and lightly seasoned foods.<\/p>\n<p><a href=\"https:\/\/www.lecoqwines.cl\/wp-content\/uploads\/2023\/06\/000_FICHA_LIMITED_EDITION_SOLO.pdf\" target=\"_blank\" rel=\"noopener noreferrer\">Download file <i class=\"fa fa-download\"><\/i><\/a><\/p>","protected":false},"excerpt":{"rendered":"<p>Vino elaborado con uvas cuidadosamente seleccionadas del Valle del Limar\u00ed, regi\u00f3n costera que se caracteriza por sus vinos de gran calidad, frescura y sabores intensos. LE COQ LIMITED EDITION SINGLE BARRELS, ensamblaje \u00fanico de las variedades Carm\u00e9n\u00e8re, Cabernet Sauvignon y Syrah, que en conjunto con una crianza controlada en Barricas nuevas de Roble Franc\u00e9s, obtenemos [&hellip;]<\/p>","protected":false},"featured_media":313,"comment_status":"open","ping_status":"closed","template":"","meta":{"_et_pb_use_builder":"","_et_pb_old_content":"","_et_gb_content_width":""},"class_list":["post-162","product","type-product","status-publish","has-post-thumbnail","hentry","product_cat-le-coq"],"_links":{"self":[{"href":"https:\/\/www.lecoqwines.cl\/en\/wp-json\/wp\/v2\/product\/162","targetHints":{"allow":["GET"]}}],"collection":[{"href":"https:\/\/www.lecoqwines.cl\/en\/wp-json\/wp\/v2\/product"}],"about":[{"href":"https:\/\/www.lecoqwines.cl\/en\/wp-json\/wp\/v2\/types\/product"}],"replies":[{"embeddable":true,"href":"https:\/\/www.lecoqwines.cl\/en\/wp-json\/wp\/v2\/comments?post=162"}],"wp:featuredmedia":[{"embeddable":true,"href":"https:\/\/www.lecoqwines.cl\/en\/wp-json\/wp\/v2\/media\/313"}],"wp:attachment":[{"href":"https:\/\/www.lecoqwines.cl\/en\/wp-json\/wp\/v2\/media?parent=162"}],"curies":[{"name":"wp","href":"https:\/\/api.w.org\/{rel}","templated":true}]}}