{"id":1307,"date":"2024-01-21T18:23:45","date_gmt":"2024-01-21T22:23:45","guid":{"rendered":"https:\/\/www.lecoqwines.cl\/?post_type=product&#038;p=1307"},"modified":"2025-11-18T18:26:11","modified_gmt":"2025-11-18T22:26:11","slug":"smooth-breeze-moscatel-de-alejandria-2023","status":"publish","type":"product","link":"https:\/\/www.lecoqwines.cl\/en\/product\/smooth-breeze-moscatel-de-alejandria-2023\/","title":{"rendered":"Smooth Breeze Moscatel de Alejandr\u00eda 2023"},"content":{"rendered":"<p>Sum\u00e9rjete en su aroma floral con toques de frutas tropicales y c\u00edtricos. Su color \u00e1mbar dorado resplandece<br \/>\nen la copa, mientras su dulzor deleita el paladar con sabores de jugosa pi\u00f1a y exquisito mango.<br \/>\nDescubre este extraordinario vino elaborado artesanalmente a partir de la variedad Moscatel de<br \/>\nAlejandr\u00eda y el terroir \u00fanico de la Regi\u00f3n Costera del Valle del Limar\u00ed, en Chile.<\/p>\n<p>UVAS: Moscatel de Alejandr\u00eda 100%<br \/>\nCOSECHA: 2023<br \/>\nALCOHOL: 12,2% v\/v<br \/>\npH: 3,56<br \/>\nACIDEZ TOTAL: 4,35 g\/L<br \/>\nAZ\u00daCAR RESIDUAL: 60 g\/L<br \/>\nMARIDAJE: Frutas frescas y tropicales y quesos cremosos y maduros.<\/p>","protected":false},"excerpt":{"rendered":"<p>UVAS: Moscatel de Alejandr\u00eda 100%<br \/>\nCOSECHA: 2023<br \/>\nALCOHOL: 12,2% v\/v<br \/>\npH: 3,56<br \/>\nACIDEZ TOTAL: 4,35 g\/L<br \/>\nAZ\u00daCAR RESIDUAL: 60 g\/L<br \/>\nMARIDAJE: Frutas frescas y tropicales y quesos cremosos y maduros.<\/p>","protected":false},"featured_media":1308,"comment_status":"open","ping_status":"closed","template":"","meta":{"_et_pb_use_builder":"","_et_pb_old_content":"","_et_gb_content_width":""},"class_list":["post-1307","product","type-product","status-publish","has-post-thumbnail","hentry","product_cat-smooth-breeze"],"_links":{"self":[{"href":"https:\/\/www.lecoqwines.cl\/en\/wp-json\/wp\/v2\/product\/1307","targetHints":{"allow":["GET"]}}],"collection":[{"href":"https:\/\/www.lecoqwines.cl\/en\/wp-json\/wp\/v2\/product"}],"about":[{"href":"https:\/\/www.lecoqwines.cl\/en\/wp-json\/wp\/v2\/types\/product"}],"replies":[{"embeddable":true,"href":"https:\/\/www.lecoqwines.cl\/en\/wp-json\/wp\/v2\/comments?post=1307"}],"wp:featuredmedia":[{"embeddable":true,"href":"https:\/\/www.lecoqwines.cl\/en\/wp-json\/wp\/v2\/media\/1308"}],"wp:attachment":[{"href":"https:\/\/www.lecoqwines.cl\/en\/wp-json\/wp\/v2\/media?parent=1307"}],"curies":[{"name":"wp","href":"https:\/\/api.w.org\/{rel}","templated":true}]}}