{"id":1305,"date":"2024-01-21T18:16:14","date_gmt":"2024-01-21T22:16:14","guid":{"rendered":"https:\/\/www.lecoqwines.cl\/?post_type=product&#038;p=1305"},"modified":"2025-09-05T22:54:10","modified_gmt":"2025-09-06T02:54:10","slug":"mystique-syrah-2021-valle-del-elqui","status":"publish","type":"product","link":"https:\/\/www.lecoqwines.cl\/en\/product\/mystique-syrah-2021-valle-del-elqui\/","title":{"rendered":"Mystique Syrah 2021 &#8211; Valle del Elqui"},"content":{"rendered":"<p>En tiempos remotos, antiguas culturas del norte de Chile hac\u00edan menci\u00f3n al significado m\u00edstico del encuentro con una lib\u00e9lula. Su vuelo \u00e1gil y capacidad para moverse en diversas direcciones simbolizan la transformaci\u00f3n, la llegada de cambios positivos en la vida, el \u00e9xito, la buena suerte, la sabidur\u00eda, la madurez y el equilibrio. Atributos que nuestro vino MYSTIQUE SYRAH no se queda corto en demostrar. MYSTIQUE SYRAH es la piedra angular de la familia LE COQ WINES. Es el proyecto de un en\u00f3logo que junto a su familia decidi\u00f3 dejar la ciudad para perseguir una idea visionaria que se arraigar\u00e1 en los valles del Norte de Chile. Junto a sus hijos, que han crecido entre barricas y vendimias, han contribuido a dar forma a este sue\u00f1o desde peque\u00f1os.<\/p>\n<p>UVAS: Syrah 100%<br \/>\nCOSECHA: 2021<br \/>\nALCOHOL: 13,5% v\/v<br \/>\npH: 3,47<br \/>\nACIDEZ TOTAL: 4,35 g\/L<br \/>\nAZ\u00daCAR RESIDUAL: 3,19 g\/L<br \/>\nMARIDAJE: Carne de res, cerdo, charcuter\u00eda y quesos maduros.<\/p>","protected":false},"excerpt":{"rendered":"<p>UVAS: Syrah 100%<br \/>\nCOSECHA: 2021<br \/>\nALCOHOL: 13,5% v\/v<br \/>\npH: 3,47<br \/>\nACIDEZ TOTAL: 4,35 g\/L<br \/>\nAZ\u00daCAR RESIDUAL: 3,19 g\/L<br \/>\nMARIDAJE: Carne de res, cerdo, charcuter\u00eda y quesos maduros.<\/p>","protected":false},"featured_media":1306,"comment_status":"open","ping_status":"closed","template":"","meta":{"_et_pb_use_builder":"","_et_pb_old_content":"","_et_gb_content_width":""},"class_list":["post-1305","product","type-product","status-publish","has-post-thumbnail","hentry","product_cat-le-coq"],"_links":{"self":[{"href":"https:\/\/www.lecoqwines.cl\/en\/wp-json\/wp\/v2\/product\/1305","targetHints":{"allow":["GET"]}}],"collection":[{"href":"https:\/\/www.lecoqwines.cl\/en\/wp-json\/wp\/v2\/product"}],"about":[{"href":"https:\/\/www.lecoqwines.cl\/en\/wp-json\/wp\/v2\/types\/product"}],"replies":[{"embeddable":true,"href":"https:\/\/www.lecoqwines.cl\/en\/wp-json\/wp\/v2\/comments?post=1305"}],"wp:featuredmedia":[{"embeddable":true,"href":"https:\/\/www.lecoqwines.cl\/en\/wp-json\/wp\/v2\/media\/1306"}],"wp:attachment":[{"href":"https:\/\/www.lecoqwines.cl\/en\/wp-json\/wp\/v2\/media?parent=1305"}],"curies":[{"name":"wp","href":"https:\/\/api.w.org\/{rel}","templated":true}]}}